{"id":130,"date":"2024-03-22T16:20:25","date_gmt":"2024-03-22T16:20:25","guid":{"rendered":"https:\/\/cedeep.org\/?page_id=130"},"modified":"2026-02-10T13:16:08","modified_gmt":"2026-02-10T18:16:08","slug":"double-dec","status":"publish","type":"page","link":"https:\/\/cedeep.org\/index.php\/double-dec\/","title":{"rendered":"Double DEC"},"content":{"rendered":"\n<h1 class=\"wp-block-heading\">Bienvenue au Double DEC!<\/h1>\n\n\n\n<p>Mettre un texte de pr\u00e9sentation du programme<\/p>\n\n\n\n<h2 class=\"wp-block-heading\">Pourquoi choisir ce programme?<\/h2>\n\n\n\n<div class=\"wp-block-media-text is-stacked-on-mobile\" style=\"grid-template-columns:47% auto\"><figure class=\"wp-block-media-text__media\"><img fetchpriority=\"high\" decoding=\"async\" width=\"1024\" height=\"576\" src=\"https:\/\/cedeep.org\/wp-content\/uploads\/2026\/02\/PXL_20250814_184304637-1024x576.jpg\" alt=\"\" class=\"wp-image-638 size-full\" srcset=\"https:\/\/cedeep.org\/wp-content\/uploads\/2026\/02\/PXL_20250814_184304637-1024x576.jpg 1024w, https:\/\/cedeep.org\/wp-content\/uploads\/2026\/02\/PXL_20250814_184304637-300x169.jpg 300w, https:\/\/cedeep.org\/wp-content\/uploads\/2026\/02\/PXL_20250814_184304637-768x432.jpg 768w, https:\/\/cedeep.org\/wp-content\/uploads\/2026\/02\/PXL_20250814_184304637-1536x864.jpg 1536w, https:\/\/cedeep.org\/wp-content\/uploads\/2026\/02\/PXL_20250814_184304637-2048x1152.jpg 2048w, https:\/\/cedeep.org\/wp-content\/uploads\/2026\/02\/PXL_20250814_184304637-850x478.jpg 850w\" sizes=\"(max-width: 1024px) 100vw, 1024px\" \/><\/figure><div class=\"wp-block-media-text__content\">\n<ul class=\"wp-block-list\">\n<li>Les petites cohortes cr\u00e9ent un fort sentiement d&#8217;appartenance<\/li>\n\n\n\n<li>Possibilit\u00e9 de participer \u00e0 un <a href=\"https:\/\/cedeep.org\/index.php\/voyager-autrement-2\/\" data-type=\"link\" data-id=\"https:\/\/cedeep.org\/index.php\/voyager-autrement-2\/\">voyage de cyclotourisme \u00e9coresponsable<\/a><\/li>\n<\/ul>\n<\/div><\/div>\n\n\n\n<p><\/p>\n\n\n\n<div class=\"wp-block-columns is-layout-flex wp-container-core-columns-is-layout-9d6595d7 wp-block-columns-is-layout-flex\">\n<div class=\"wp-block-column is-layout-flow wp-block-column-is-layout-flow\">\n<h3 class=\"wp-block-heading\">Le Double DEC<\/h3>\n\n\n\n<ul class=\"wp-block-list\">\n<li>Programme sur 3 ans<\/li>\n\n\n\n<li>Termine avec deux dipl\u00f4mes (sciences humaines et sciences naturelles)<\/li>\n<\/ul>\n<\/div>\n\n\n\n<div class=\"wp-block-column is-layout-flow wp-block-column-is-layout-flow\">\n<h3 class=\"wp-block-heading\">Les autres DEC<\/h3>\n\n\n\n<ul class=\"wp-block-list\">\n<li>Programme sur 2 ans<\/li>\n\n\n\n<li>Termine avec un dipl\u00f4me<\/li>\n<\/ul>\n<\/div>\n<\/div>\n\n\n\n<div data-wp-context=\"{ &quot;autoclose&quot;: false, &quot;accordionItems&quot;: [] }\" data-wp-interactive=\"core\/accordion\" role=\"group\" class=\"wp-block-accordion is-layout-flow wp-block-accordion-is-layout-flow\">\n<div data-wp-class--is-open=\"state.isOpen\" data-wp-context=\"{ &quot;id&quot;: &quot;accordion-item-1&quot;, &quot;openByDefault&quot;: false }\" data-wp-init=\"callbacks.initAccordionItems\" data-wp-on-window--hashchange=\"callbacks.hashChange\" class=\"wp-block-accordion-item is-layout-flow wp-block-accordion-item-is-layout-flow\">\n<h3 class=\"wp-block-accordion-heading\"><button aria-expanded=\"false\" aria-controls=\"accordion-item-1-panel\" data-wp-bind--aria-expanded=\"state.isOpen\" data-wp-on--click=\"actions.toggle\" data-wp-on--keydown=\"actions.handleKeyDown\" id=\"accordion-item-1\" type=\"button\" class=\"wp-block-accordion-heading__toggle\"><span class=\"wp-block-accordion-heading__toggle-title\">Grille de Cheminement<\/span><span class=\"wp-block-accordion-heading__toggle-icon\" aria-hidden=\"true\">+<\/span><\/button><\/h3>\n\n\n\n<div inert aria-labelledby=\"accordion-item-1\" data-wp-bind--inert=\"!state.isOpen\" id=\"accordion-item-1-panel\" role=\"region\" class=\"wp-block-accordion-panel is-layout-flow wp-block-accordion-panel-is-layout-flow\">\n<div class=\"wp-block-file\"><a id=\"wp-block-file--media-00ec2392-ed83-4809-bd9b-8bbc3e69fc4b\" href=\"https:\/\/cedeep.org\/wp-content\/uploads\/2026\/01\/Grille-de-cheminement.xlsx\">Grille de cheminement<\/a><a href=\"https:\/\/cedeep.org\/wp-content\/uploads\/2026\/01\/Grille-de-cheminement.xlsx\" class=\"wp-block-file__button wp-element-button\" download aria-describedby=\"wp-block-file--media-00ec2392-ed83-4809-bd9b-8bbc3e69fc4b\">T\u00e9l\u00e9charger<\/a><\/div>\n<\/div>\n<\/div>\n<\/div>\n\n\n\n<h2 class=\"wp-block-heading has-text-align-center\"><a href=\"https:\/\/www.cmaisonneuve.qc.ca\/accueil\/etudiant-dun-jour\/\" data-type=\"link\" data-id=\"https:\/\/www.cmaisonneuve.qc.ca\/accueil\/etudiant-dun-jour\/\">Int\u00e9ress\u00e9.e : Devient \u00e9tudiant.e d&#8217;un jour<\/a><\/h2>\n\n\n\n<p><\/p>\n","protected":false},"excerpt":{"rendered":"<p>Bienvenue au Double DEC! Mettre un texte de pr\u00e9sentation du programme Pourquoi choisir ce programme? Le Double DEC Les autres DEC Int\u00e9ress\u00e9.e : Devient \u00e9tudiant.e d&#8217;un jour<\/p>\n","protected":false},"author":1,"featured_media":0,"parent":0,"menu_order":0,"comment_status":"closed","ping_status":"closed","template":"","meta":{"_acf_changed":false,"footnotes":""},"class_list":["post-130","page","type-page","status-publish","hentry"],"acf":[],"_links":{"self":[{"href":"https:\/\/cedeep.org\/index.php\/wp-json\/wp\/v2\/pages\/130","targetHints":{"allow":["GET"]}}],"collection":[{"href":"https:\/\/cedeep.org\/index.php\/wp-json\/wp\/v2\/pages"}],"about":[{"href":"https:\/\/cedeep.org\/index.php\/wp-json\/wp\/v2\/types\/page"}],"author":[{"embeddable":true,"href":"https:\/\/cedeep.org\/index.php\/wp-json\/wp\/v2\/users\/1"}],"replies":[{"embeddable":true,"href":"https:\/\/cedeep.org\/index.php\/wp-json\/wp\/v2\/comments?post=130"}],"version-history":[{"count":15,"href":"https:\/\/cedeep.org\/index.php\/wp-json\/wp\/v2\/pages\/130\/revisions"}],"predecessor-version":[{"id":646,"href":"https:\/\/cedeep.org\/index.php\/wp-json\/wp\/v2\/pages\/130\/revisions\/646"}],"wp:attachment":[{"href":"https:\/\/cedeep.org\/index.php\/wp-json\/wp\/v2\/media?parent=130"}],"curies":[{"name":"wp","href":"https:\/\/api.w.org\/{rel}","templated":true}]}}