{"id":654,"date":"2026-04-20T08:55:26","date_gmt":"2026-04-20T13:55:26","guid":{"rendered":"https:\/\/cedeep.org\/?page_id=654"},"modified":"2026-05-08T06:46:25","modified_gmt":"2026-05-08T11:46:25","slug":"reglement-concours-velo","status":"publish","type":"page","link":"https:\/\/cedeep.org\/index.php\/reglement-concours-velo\/","title":{"rendered":"R\u00e8glement concours v\u00e9lo"},"content":{"rendered":"\n<p><strong>D\u00e9roulement :<\/strong><\/p>\n\n\n\n<p>Du 11 au 15 mai, chaque jour un th\u00e8me de photo sera publi\u00e9 en story sur le compte Instagram de Voyager autrement. Pour compter cette journ\u00e9e et augmenter tes chances au tirage, il faut prendre une photo respectant le th\u00e8me du jour avec ton v\u00e9lo.<\/p>\n\n\n\n<p>Les r\u00e9compenses du concours sera 3 cartes cadeaux de 50$ pour un magasin de v\u00e9lo de votre choix<\/p>\n\n\n\n<ol class=\"wp-block-list\">\n<li>S&#8217;abonner au compte Instagram de <a href=\"https:\/\/www.instagram.com\/voyagerautrement25\/\">Voyager autrement<\/a> pour recevoir le th\u00e8me du jour.<\/li>\n\n\n\n<li>Pour participer au tirage faire un virement de 5$ \u00e0 <strong>voyagerautrement.cedeep@gmail.com<\/strong> avec un note contenant ton num\u00e9ro d&#8217;\u00e9tudiant et ton compte instagram.<\/li>\n\n\n\n<li>Envoyer la photo du jour au compte Instagram de Voyager autrement pour comptabiliser la journ\u00e9e.<\/li>\n<\/ol>\n\n\n\n<p><\/p>\n","protected":false},"excerpt":{"rendered":"<p>D\u00e9roulement : Du 11 au 15 mai, chaque jour un th\u00e8me de photo sera publi\u00e9 en story sur le compte Instagram de Voyager autrement. Pour compter cette journ\u00e9e et augmenter tes chances au tirage, il faut prendre une photo respectant le th\u00e8me du jour avec ton v\u00e9lo. Les r\u00e9compenses du concours sera 3 cartes cadeaux&#8230;<\/p>\n","protected":false},"author":5,"featured_media":0,"parent":0,"menu_order":0,"comment_status":"closed","ping_status":"closed","template":"","meta":{"_acf_changed":false,"footnotes":""},"class_list":["post-654","page","type-page","status-publish","hentry"],"acf":[],"_links":{"self":[{"href":"https:\/\/cedeep.org\/index.php\/wp-json\/wp\/v2\/pages\/654","targetHints":{"allow":["GET"]}}],"collection":[{"href":"https:\/\/cedeep.org\/index.php\/wp-json\/wp\/v2\/pages"}],"about":[{"href":"https:\/\/cedeep.org\/index.php\/wp-json\/wp\/v2\/types\/page"}],"author":[{"embeddable":true,"href":"https:\/\/cedeep.org\/index.php\/wp-json\/wp\/v2\/users\/5"}],"replies":[{"embeddable":true,"href":"https:\/\/cedeep.org\/index.php\/wp-json\/wp\/v2\/comments?post=654"}],"version-history":[{"count":9,"href":"https:\/\/cedeep.org\/index.php\/wp-json\/wp\/v2\/pages\/654\/revisions"}],"predecessor-version":[{"id":670,"href":"https:\/\/cedeep.org\/index.php\/wp-json\/wp\/v2\/pages\/654\/revisions\/670"}],"wp:attachment":[{"href":"https:\/\/cedeep.org\/index.php\/wp-json\/wp\/v2\/media?parent=654"}],"curies":[{"name":"wp","href":"https:\/\/api.w.org\/{rel}","templated":true}]}}